{"id":9,"date":"2021-01-06T11:24:58","date_gmt":"2021-01-06T10:24:58","guid":{"rendered":"https:\/\/mfrperigordnoir.com\/sarlat-mfr\/?page_id=9"},"modified":"2021-05-04T13:54:59","modified_gmt":"2021-05-04T12:54:59","slug":"alternance-apprentissage-comment-ca-marche","status":"publish","type":"page","link":"https:\/\/mfrperigordnoir.com\/sarlat-mfr\/alternance-apprentissage-comment-ca-marche\/","title":{"rendered":"Alternance \/ Apprentissage Comment \u00e7a marche ?"},"content":{"rendered":"\t\t<div data-elementor-type=\"wp-page\" data-elementor-id=\"9\" class=\"elementor elementor-9\">\n\t\t\t\t\t\t<section class=\"elementor-section elementor-top-section elementor-element elementor-element-2a5f5b8 elementor-section-full_width elementor-section-height-default elementor-section-height-default\" data-id=\"2a5f5b8\" data-element_type=\"section\" data-settings=\"{&quot;background_background&quot;:&quot;classic&quot;}\">\n\t\t\t\t\t\t<div class=\"elementor-container elementor-column-gap-no\">\n\t\t\t\t\t<div class=\"elementor-column elementor-col-100 elementor-top-column elementor-element elementor-element-4bf3682\" data-id=\"4bf3682\" data-element_type=\"column\">\n\t\t\t<div class=\"elementor-widget-wrap\">\n\t\t\t\t\t\t\t<\/div>\n\t\t<\/div>\n\t\t\t\t\t<\/div>\n\t\t<\/section>\n\t\t\t\t<section class=\"elementor-section elementor-top-section elementor-element elementor-element-c745d88 elementor-section-boxed elementor-section-height-default elementor-section-height-default\" data-id=\"c745d88\" data-element_type=\"section\" data-settings=\"{&quot;background_background&quot;:&quot;classic&quot;}\">\n\t\t\t\t\t\t<div class=\"elementor-container elementor-column-gap-default\">\n\t\t\t\t\t<div class=\"elementor-column elementor-col-100 elementor-top-column elementor-element elementor-element-c347010\" data-id=\"c347010\" data-element_type=\"column\">\n\t\t\t<div class=\"elementor-widget-wrap elementor-element-populated\">\n\t\t\t\t\t\t<div class=\"elementor-element elementor-element-0523e56 elementor-widget elementor-widget-heading\" data-id=\"0523e56\" data-element_type=\"widget\" id=\"Alternance-h4\" data-widget_type=\"heading.default\">\n\t\t\t\t\t<h4 class=\"elementor-heading-title elementor-size-default\">Aussi bien en formation initiale qu\u2019en formation par apprentissage, <br>l\u2019alternance est une v\u00e9ritable chance pour se former autrement.<\/h4>\t\t\t\t<\/div>\n\t\t\t\t\t<\/div>\n\t\t<\/div>\n\t\t\t\t\t<\/div>\n\t\t<\/section>\n\t\t\t\t<section class=\"elementor-section elementor-top-section elementor-element elementor-element-58f60d9 elementor-section-boxed elementor-section-height-default elementor-section-height-default\" data-id=\"58f60d9\" data-element_type=\"section\" data-settings=\"{&quot;background_background&quot;:&quot;classic&quot;}\">\n\t\t\t\t\t\t<div class=\"elementor-container elementor-column-gap-default\">\n\t\t\t\t\t<div class=\"elementor-column elementor-col-50 elementor-top-column elementor-element elementor-element-92bfea2\" data-id=\"92bfea2\" data-element_type=\"column\">\n\t\t\t<div class=\"elementor-widget-wrap elementor-element-populated\">\n\t\t\t\t\t\t<div class=\"elementor-element elementor-element-d164319 elementor-widget elementor-widget-video\" data-id=\"d164319\" data-element_type=\"widget\" data-settings=\"{&quot;video_type&quot;:&quot;hosted&quot;,&quot;controls&quot;:&quot;yes&quot;}\" data-widget_type=\"video.default\">\n\t\t\t\t\t\t\t<div class=\"e-hosted-video elementor-wrapper elementor-open-inline\">\n\t\t\t\t\t<video class=\"elementor-video\" src=\"https:\/\/mfrperigordnoir.com\/sarlat-mfr\/wp-content\/uploads\/2021\/03\/CTA-STORIE-CHOISISSEZ-LALTERNANCE.mov\" controls=\"\" preload=\"metadata\" controlsList=\"nodownload\"><\/video>\n\t\t\t\t<\/div>\n\t\t\t\t\t\t<\/div>\n\t\t\t\t\t<\/div>\n\t\t<\/div>\n\t\t\t\t<div class=\"elementor-column elementor-col-50 elementor-top-column elementor-element elementor-element-b928fef\" data-id=\"b928fef\" data-element_type=\"column\">\n\t\t\t<div class=\"elementor-widget-wrap elementor-element-populated\">\n\t\t\t\t\t\t<div class=\"elementor-element elementor-element-d05b2ed elementor-widget elementor-widget-heading\" data-id=\"d05b2ed\" data-element_type=\"widget\" data-widget_type=\"heading.default\">\n\t\t\t\t\t<h2 class=\"elementor-heading-title elementor-size-default\">Les Atouts de l'Alternance<\/h2>\t\t\t\t<\/div>\n\t\t\t\t<div class=\"elementor-element elementor-element-406bb50 elementor-widget-divider--view-line elementor-widget elementor-widget-divider\" data-id=\"406bb50\" data-element_type=\"widget\" data-widget_type=\"divider.default\">\n\t\t\t\t\t\t\t<div class=\"elementor-divider\">\n\t\t\t<span class=\"elementor-divider-separator\">\n\t\t\t\t\t\t<\/span>\n\t\t<\/div>\n\t\t\t\t\t\t<\/div>\n\t\t\t\t<div class=\"elementor-element elementor-element-26894d9 elementor-widget elementor-widget-text-editor\" data-id=\"26894d9\" data-element_type=\"widget\" data-widget_type=\"text-editor.default\">\n\t\t\t\t\t\t\t\t\t<div class=\"entry-content\"><p>D\u00e8s l\u2019entr\u00e9e en MFR, les jeunes d\u00e9couvrent concr\u00e8tement les r\u00e9alit\u00e9s du monde <strong>professionnel<\/strong> et des m\u00e9tiers qui les int\u00e9ressent, pour construire activement un projet d\u2019<strong>orientation<\/strong> en identifiant progressivement des envies pour se projeter avec plus de s\u00e9r\u00e9nit\u00e9 et de motivation. Pas moins de 50% du temps de formation s\u2019effectue en entreprise, milieu responsabilisant qui aide \u00e0 grandir.<\/p><p>La MFR privil\u00e9gie le temps pass\u00e9 en entreprise, avec un suivi rigoureux et individualis\u00e9. Privil\u00e9giant la p\u00e9dagogie de l\u2019<strong>exp\u00e9rience<\/strong> et de la <strong>rencontre<\/strong>, l\u2019\u00e9quipe p\u00e9dagogique adapte la progression des apprentissages et la formalisation des apports th\u00e9oriques selon les r\u00e9alit\u00e9s v\u00e9cues en entreprise.<\/p><p>Les retours des temps pass\u00e9s en milieu socio professionnel sont valoris\u00e9s et les sessions organis\u00e9es pour activement tirer profit des apprentissages r\u00e9alis\u00e9s en entreprise. L\u2019\u00e9quipe p\u00e9dagogique accompagne les progressions individuelles et collectives dans la diversit\u00e9 des personnes et des projets.<\/p><p>Les <strong>exp\u00e9rience professionnelles<\/strong> sont adapt\u00e9es au parcours de chacun avec des objectifs pr\u00e9cis d\u00e9finis dans les fili\u00e8res. En <strong>partenariat<\/strong> \u00e9troit avec les <strong>familles<\/strong> et les <strong>professionnels, <\/strong>les apprenants construisent leurs savoirs, murissent leur projet professionnel, se positionnent sur une poursuite d\u2019\u00e9tudes ou une <strong>insertion professionnelle<\/strong> rapide et <strong>r\u00e9ussie<\/strong>.<\/p><p>Au-del\u00e0 des apprentissages professionnels, l\u2019alternance favorise le d\u00e9veloppement identitaire des adolescents, leur rapport aux autres et au monde, permettant la prise d\u2019initiative et la progression dans l\u2019autonomie.<\/p><\/div>\t\t\t\t\t\t\t\t<\/div>\n\t\t\t\t<div class=\"elementor-element elementor-element-933208c elementor-align-left button elementor-widget elementor-widget-button\" data-id=\"933208c\" data-element_type=\"widget\" data-widget_type=\"button.default\">\n\t\t\t\t\t\t\t\t\t\t<a class=\"elementor-button elementor-button-link elementor-size-md elementor-animation-shrink\" href=\"https:\/\/mfrperigordnoir.com\/sarlat-mfr\/#formations\">\n\t\t\t\t\t\t<span class=\"elementor-button-content-wrapper\">\n\t\t\t\t\t\t\t\t\t<span class=\"elementor-button-text\">D\u00e9couvrez nos Formations<\/span>\n\t\t\t\t\t<\/span>\n\t\t\t\t\t<\/a>\n\t\t\t\t\t\t\t\t<\/div>\n\t\t\t\t\t<\/div>\n\t\t<\/div>\n\t\t\t\t\t<\/div>\n\t\t<\/section>\n\t\t\t\t<section class=\"elementor-section elementor-top-section elementor-element elementor-element-2ba6d9f elementor-section-full_width elementor-section-height-default elementor-section-height-default\" data-id=\"2ba6d9f\" data-element_type=\"section\">\n\t\t\t\t\t\t<div class=\"elementor-container elementor-column-gap-no\">\n\t\t\t\t\t<div class=\"elementor-column elementor-col-100 elementor-top-column elementor-element elementor-element-deee898\" data-id=\"deee898\" data-element_type=\"column\">\n\t\t\t<div class=\"elementor-widget-wrap elementor-element-populated\">\n\t\t\t\t\t\t<div class=\"elementor-element elementor-element-2a5c45a elementor-widget elementor-widget-foogallery\" data-id=\"2a5c45a\" data-element_type=\"widget\" data-widget_type=\"foogallery.default\">\n\t\t\t\t<div class=\"elementor-widget-container\">\n\t\t\t\t\t<style type=\"text\/css\">\n\t#foogallery-gallery-3975 .fg-image {\n        width: 450px;\n    }\n<\/style>\n\t\t\t\t<div class=\"foogallery foogallery-container foogallery-default foogallery-lightbox-foobox fg-gutter-0 fg-center fg-default fg-light fg-loading-default fg-loaded-fade-in fg-hover-zoomed fg-caption-hover fg-hover-fade fg-hover-plus fg-ready\" id=\"foogallery-gallery-3975\" data-foogallery=\"{&quot;item&quot;:{&quot;showCaptionTitle&quot;:true,&quot;showCaptionDescription&quot;:true},&quot;lazy&quot;:true}\" >\n\t<div class=\"fg-item fg-type-image fg-idle\"><figure class=\"fg-item-inner\"><a href=\"https:\/\/mfrperigordnoir.com\/sarlat-mfr\/wp-content\/uploads\/2021\/01\/4eme-decouverte-fleuriste.jpg\" data-caption-title=\"Stage 4\u00e8me\/3\u00e8me\" data-attachment-id=\"753\" data-e-disable-page-transition=\"true\" data-type=\"image\" class=\"fg-thumb\"><span class=\"fg-image-wrap\"><img fetchpriority=\"high\" decoding=\"async\" title=\"Stage 4\u00e8me\/3\u00e8me\" width=\"450\" height=\"300\" class=\"skip-lazy fg-image\" data-src-fg=\"https:\/\/mfrperigordnoir.com\/sarlat-mfr\/wp-content\/uploads\/cache\/2021\/01\/4eme-decouverte-fleuriste\/1532287264.jpg\" src=\"data:image\/svg+xml,%3Csvg%20xmlns%3D%22http%3A%2F%2Fwww.w3.org%2F2000%2Fsvg%22%20width%3D%22450%22%20height%3D%22300%22%20viewBox%3D%220%200%20450%20300%22%3E%3C%2Fsvg%3E\" loading=\"eager\"><\/span><span class=\"fg-image-overlay\"><\/span><\/a><figcaption class=\"fg-caption\"><div class=\"fg-caption-inner\"><div class=\"fg-caption-title\">Stage 4\u00e8me\/3\u00e8me<\/div><\/div><\/figcaption><\/figure><div class=\"fg-loader\"><\/div><\/div><div class=\"fg-item fg-type-image fg-idle\"><figure class=\"fg-item-inner\"><a href=\"https:\/\/mfrperigordnoir.com\/sarlat-mfr\/wp-content\/uploads\/2021\/01\/4eme-decouverte-motoculture-1.jpg\" data-caption-title=\"Stage 4\u00e8me\/3\u00e8me\" data-attachment-id=\"754\" data-e-disable-page-transition=\"true\" data-type=\"image\" class=\"fg-thumb\"><span class=\"fg-image-wrap\"><img decoding=\"async\" title=\"Stage 4\u00e8me\/3\u00e8me\" width=\"450\" height=\"300\" class=\"skip-lazy fg-image\" data-src-fg=\"https:\/\/mfrperigordnoir.com\/sarlat-mfr\/wp-content\/uploads\/cache\/2021\/01\/4eme-decouverte-motoculture-1\/3861869626.jpg\" src=\"data:image\/svg+xml,%3Csvg%20xmlns%3D%22http%3A%2F%2Fwww.w3.org%2F2000%2Fsvg%22%20width%3D%22450%22%20height%3D%22300%22%20viewBox%3D%220%200%20450%20300%22%3E%3C%2Fsvg%3E\" loading=\"eager\"><\/span><span class=\"fg-image-overlay\"><\/span><\/a><figcaption class=\"fg-caption\"><div class=\"fg-caption-inner\"><div class=\"fg-caption-title\">Stage 4\u00e8me\/3\u00e8me<\/div><\/div><\/figcaption><\/figure><div class=\"fg-loader\"><\/div><\/div><div class=\"fg-item fg-type-image fg-idle\"><figure class=\"fg-item-inner\"><a href=\"https:\/\/mfrperigordnoir.com\/sarlat-mfr\/wp-content\/uploads\/2021\/01\/AMEL-3e\u0300me-1.jpg\" data-caption-title=\"Stage 4\u00e8me\/3\u00e8me\" data-attachment-id=\"756\" data-e-disable-page-transition=\"true\" data-type=\"image\" class=\"tablette-hide fg-thumb\"><span class=\"fg-image-wrap\"><img decoding=\"async\" title=\"Stage 4\u00e8me\/3\u00e8me\" width=\"450\" height=\"300\" class=\"skip-lazy fg-image\" data-src-fg=\"https:\/\/mfrperigordnoir.com\/sarlat-mfr\/wp-content\/uploads\/cache\/2021\/01\/AMEL-3e\u0300me-1\/4013924994.jpg\" src=\"data:image\/svg+xml,%3Csvg%20xmlns%3D%22http%3A%2F%2Fwww.w3.org%2F2000%2Fsvg%22%20width%3D%22450%22%20height%3D%22300%22%20viewBox%3D%220%200%20450%20300%22%3E%3C%2Fsvg%3E\" loading=\"eager\"><\/span><span class=\"fg-image-overlay\"><\/span><\/a><figcaption class=\"fg-caption\"><div class=\"fg-caption-inner\"><div class=\"fg-caption-title\">Stage 4\u00e8me\/3\u00e8me<\/div><\/div><\/figcaption><\/figure><div class=\"fg-loader\"><\/div><\/div><div class=\"fg-item fg-type-image fg-idle\"><figure class=\"fg-item-inner\"><a href=\"https:\/\/mfrperigordnoir.com\/sarlat-mfr\/wp-content\/uploads\/2021\/01\/BTP-1.jpg\" data-caption-title=\"Stage 4\u00e8me\/3\u00e8me\" data-attachment-id=\"757\" data-e-disable-page-transition=\"true\" data-type=\"image\" class=\"fg-thumb\"><span class=\"fg-image-wrap\"><img decoding=\"async\" title=\"Stage 4\u00e8me\/3\u00e8me\" width=\"450\" height=\"300\" class=\"skip-lazy fg-image\" data-src-fg=\"https:\/\/mfrperigordnoir.com\/sarlat-mfr\/wp-content\/uploads\/cache\/2021\/01\/BTP-1\/2218384757.jpg\" src=\"data:image\/svg+xml,%3Csvg%20xmlns%3D%22http%3A%2F%2Fwww.w3.org%2F2000%2Fsvg%22%20width%3D%22450%22%20height%3D%22300%22%20viewBox%3D%220%200%20450%20300%22%3E%3C%2Fsvg%3E\" loading=\"eager\"><\/span><span class=\"fg-image-overlay\"><\/span><\/a><figcaption class=\"fg-caption\"><div class=\"fg-caption-inner\"><div class=\"fg-caption-title\">Stage 4\u00e8me\/3\u00e8me<\/div><\/div><\/figcaption><\/figure><div class=\"fg-loader\"><\/div><\/div><div class=\"fg-item fg-type-image fg-idle\"><figure class=\"fg-item-inner\"><a href=\"https:\/\/mfrperigordnoir.com\/sarlat-mfr\/wp-content\/uploads\/2021\/01\/Fotolia_105598980_Subscription_Monthly_XL-scaled.jpg\" data-caption-title=\"Stage Petite Enfance\" data-attachment-id=\"1175\" data-e-disable-page-transition=\"true\" data-type=\"image\" class=\"fg-thumb\"><span class=\"fg-image-wrap\"><img decoding=\"async\" title=\"Stage Petite Enfance\" width=\"450\" height=\"300\" class=\"skip-lazy fg-image\" data-src-fg=\"https:\/\/mfrperigordnoir.com\/sarlat-mfr\/wp-content\/uploads\/cache\/2021\/01\/Fotolia_105598980_Subscription_Monthly_XL-scaled\/2821442802.jpg\" src=\"data:image\/svg+xml,%3Csvg%20xmlns%3D%22http%3A%2F%2Fwww.w3.org%2F2000%2Fsvg%22%20width%3D%22450%22%20height%3D%22300%22%20viewBox%3D%220%200%20450%20300%22%3E%3C%2Fsvg%3E\" loading=\"eager\"><\/span><span class=\"fg-image-overlay\"><\/span><\/a><figcaption class=\"fg-caption\"><div class=\"fg-caption-inner\"><div class=\"fg-caption-title\">Stage Petite Enfance<\/div><\/div><\/figcaption><\/figure><div class=\"fg-loader\"><\/div><\/div><div class=\"fg-item fg-type-image fg-idle\"><figure class=\"fg-item-inner\"><a href=\"https:\/\/mfrperigordnoir.com\/sarlat-mfr\/wp-content\/uploads\/2021\/01\/cre\u0300che.png\" data-caption-title=\"Stage Petite Enfance\" data-attachment-id=\"1176\" data-e-disable-page-transition=\"true\" data-type=\"image\" class=\"fg-thumb\"><span class=\"fg-image-wrap\"><img decoding=\"async\" title=\"Stage Petite Enfance\" width=\"450\" height=\"300\" class=\"skip-lazy fg-image\" data-src-fg=\"https:\/\/mfrperigordnoir.com\/sarlat-mfr\/wp-content\/uploads\/cache\/2021\/01\/cre\u0300che\/1784071693.png\" src=\"data:image\/svg+xml,%3Csvg%20xmlns%3D%22http%3A%2F%2Fwww.w3.org%2F2000%2Fsvg%22%20width%3D%22450%22%20height%3D%22300%22%20viewBox%3D%220%200%20450%20300%22%3E%3C%2Fsvg%3E\" loading=\"eager\"><\/span><span class=\"fg-image-overlay\"><\/span><\/a><figcaption class=\"fg-caption\"><div class=\"fg-caption-inner\"><div class=\"fg-caption-title\">Stage Petite Enfance<\/div><\/div><\/figcaption><\/figure><div class=\"fg-loader\"><\/div><\/div><div class=\"fg-item fg-type-image fg-idle\"><figure class=\"fg-item-inner\"><a href=\"https:\/\/mfrperigordnoir.com\/sarlat-mfr\/wp-content\/uploads\/2021\/01\/bac-pro.jpg\" data-caption-title=\"Stage Bac Pro\" data-attachment-id=\"1202\" data-e-disable-page-transition=\"true\" data-type=\"image\" class=\"fg-thumb\"><span class=\"fg-image-wrap\"><img decoding=\"async\" title=\"Stage Bac Pro\" width=\"450\" height=\"300\" class=\"skip-lazy fg-image\" data-src-fg=\"https:\/\/mfrperigordnoir.com\/sarlat-mfr\/wp-content\/uploads\/cache\/2021\/01\/bac-pro\/1790491503.jpg\" src=\"data:image\/svg+xml,%3Csvg%20xmlns%3D%22http%3A%2F%2Fwww.w3.org%2F2000%2Fsvg%22%20width%3D%22450%22%20height%3D%22300%22%20viewBox%3D%220%200%20450%20300%22%3E%3C%2Fsvg%3E\" loading=\"eager\"><\/span><span class=\"fg-image-overlay\"><\/span><\/a><figcaption class=\"fg-caption\"><div class=\"fg-caption-inner\"><div class=\"fg-caption-title\">Stage Bac Pro<\/div><\/div><\/figcaption><\/figure><div class=\"fg-loader\"><\/div><\/div><div class=\"fg-item fg-type-image fg-idle\"><figure class=\"fg-item-inner\"><a href=\"https:\/\/mfrperigordnoir.com\/sarlat-mfr\/wp-content\/uploads\/2021\/02\/104432259_3908750835865342_5492066845693502191_n.jpg\" data-caption-title=\"Stage SAPVER Vente\" data-attachment-id=\"2614\" data-e-disable-page-transition=\"true\" data-type=\"image\" class=\"fg-thumb\"><span class=\"fg-image-wrap\"><img decoding=\"async\" title=\"Stage SAPVER Vente\" width=\"450\" height=\"300\" class=\"skip-lazy fg-image\" data-src-fg=\"https:\/\/mfrperigordnoir.com\/sarlat-mfr\/wp-content\/uploads\/cache\/2021\/02\/104432259_3908750835865342_5492066845693502191_n\/1102257099.jpg\" src=\"data:image\/svg+xml,%3Csvg%20xmlns%3D%22http%3A%2F%2Fwww.w3.org%2F2000%2Fsvg%22%20width%3D%22450%22%20height%3D%22300%22%20viewBox%3D%220%200%20450%20300%22%3E%3C%2Fsvg%3E\" loading=\"eager\"><\/span><span class=\"fg-image-overlay\"><\/span><\/a><figcaption class=\"fg-caption\"><div class=\"fg-caption-inner\"><div class=\"fg-caption-title\">Stage SAPVER Vente<\/div><\/div><\/figcaption><\/figure><div class=\"fg-loader\"><\/div><\/div><div class=\"fg-item fg-type-image fg-idle\"><figure class=\"fg-item-inner\"><a href=\"https:\/\/mfrperigordnoir.com\/sarlat-mfr\/wp-content\/uploads\/2021\/02\/ERASMUS7.jpg\" data-caption-title=\"Stage SAPVER Vente\" data-attachment-id=\"2462\" data-e-disable-page-transition=\"true\" data-type=\"image\" class=\"fg-thumb\"><span class=\"fg-image-wrap\"><img decoding=\"async\" title=\"Stage SAPVER Vente\" width=\"450\" height=\"300\" class=\"skip-lazy fg-image\" data-src-fg=\"https:\/\/mfrperigordnoir.com\/sarlat-mfr\/wp-content\/uploads\/cache\/2021\/02\/ERASMUS7\/2889999300.jpg\" src=\"data:image\/svg+xml,%3Csvg%20xmlns%3D%22http%3A%2F%2Fwww.w3.org%2F2000%2Fsvg%22%20width%3D%22450%22%20height%3D%22300%22%20viewBox%3D%220%200%20450%20300%22%3E%3C%2Fsvg%3E\" loading=\"eager\"><\/span><span class=\"fg-image-overlay\"><\/span><\/a><figcaption class=\"fg-caption\"><div class=\"fg-caption-inner\"><div class=\"fg-caption-title\">Stage SAPVER Vente<\/div><\/div><\/figcaption><\/figure><div class=\"fg-loader\"><\/div><\/div><div class=\"fg-item fg-type-image fg-idle\"><figure class=\"fg-item-inner\"><a href=\"https:\/\/mfrperigordnoir.com\/sarlat-mfr\/wp-content\/uploads\/2021\/02\/IMG_3655-scaled.jpg\" data-caption-title=\"Stage SAPVER Service \u00e0 la Personne\" data-attachment-id=\"2463\" data-e-disable-page-transition=\"true\" data-type=\"image\" class=\"fg-thumb\"><span class=\"fg-image-wrap\"><img decoding=\"async\" title=\"Stage SAPVER Service \u00e0 la Personne\" width=\"450\" height=\"300\" class=\"skip-lazy fg-image\" data-src-fg=\"https:\/\/mfrperigordnoir.com\/sarlat-mfr\/wp-content\/uploads\/cache\/2021\/02\/IMG_3655-scaled\/99715469.jpg\" src=\"data:image\/svg+xml,%3Csvg%20xmlns%3D%22http%3A%2F%2Fwww.w3.org%2F2000%2Fsvg%22%20width%3D%22450%22%20height%3D%22300%22%20viewBox%3D%220%200%20450%20300%22%3E%3C%2Fsvg%3E\" loading=\"eager\"><\/span><span class=\"fg-image-overlay\"><\/span><\/a><figcaption class=\"fg-caption\"><div class=\"fg-caption-inner\"><div class=\"fg-caption-title\">Stage SAPVER Service \u00e0 la Personne<\/div><\/div><\/figcaption><\/figure><div class=\"fg-loader\"><\/div><\/div><div class=\"fg-item fg-type-image fg-idle\"><figure class=\"fg-item-inner\"><a href=\"https:\/\/mfrperigordnoir.com\/sarlat-mfr\/wp-content\/uploads\/2021\/02\/maraichage.jpg\" data-caption-title=\"Maraichage\" data-attachment-id=\"2650\" data-e-disable-page-transition=\"true\" data-type=\"image\" class=\"fg-thumb\"><span class=\"fg-image-wrap\"><img decoding=\"async\" title=\"Maraichage\" width=\"450\" height=\"300\" class=\"skip-lazy fg-image\" data-src-fg=\"https:\/\/mfrperigordnoir.com\/sarlat-mfr\/wp-content\/uploads\/cache\/2021\/02\/maraichage\/3561127975.jpg\" src=\"data:image\/svg+xml,%3Csvg%20xmlns%3D%22http%3A%2F%2Fwww.w3.org%2F2000%2Fsvg%22%20width%3D%22450%22%20height%3D%22300%22%20viewBox%3D%220%200%20450%20300%22%3E%3C%2Fsvg%3E\" loading=\"eager\"><\/span><span class=\"fg-image-overlay\"><\/span><\/a><figcaption class=\"fg-caption\"><div class=\"fg-caption-inner\"><div class=\"fg-caption-title\">Maraichage<\/div><\/div><\/figcaption><\/figure><div class=\"fg-loader\"><\/div><\/div><div class=\"fg-item fg-type-image fg-idle\"><figure class=\"fg-item-inner\"><a href=\"https:\/\/mfrperigordnoir.com\/sarlat-mfr\/wp-content\/uploads\/2021\/02\/e\u0301levage.jpg\" data-caption-title=\"M\u00e9tiers de l&#039;Agriculture\" data-attachment-id=\"2654\" data-e-disable-page-transition=\"true\" data-type=\"image\" class=\"fg-thumb\"><span class=\"fg-image-wrap\"><img decoding=\"async\" title=\"M\u00e9tiers de l&#039;Agriculture\" width=\"450\" height=\"300\" class=\"skip-lazy fg-image\" data-src-fg=\"https:\/\/mfrperigordnoir.com\/sarlat-mfr\/wp-content\/uploads\/cache\/2021\/02\/e\u0301levage\/2337604236.jpg\" src=\"data:image\/svg+xml,%3Csvg%20xmlns%3D%22http%3A%2F%2Fwww.w3.org%2F2000%2Fsvg%22%20width%3D%22450%22%20height%3D%22300%22%20viewBox%3D%220%200%20450%20300%22%3E%3C%2Fsvg%3E\" loading=\"eager\"><\/span><span class=\"fg-image-overlay\"><\/span><\/a><figcaption class=\"fg-caption\"><div class=\"fg-caption-inner\"><div class=\"fg-caption-title\">M\u00e9tiers de l'Agriculture<\/div><\/div><\/figcaption><\/figure><div class=\"fg-loader\"><\/div><\/div><\/div>\n<style type=\"text\/css\">#foogallery-gallery-3975 { column-count: 6;}\r\n\r\n@media screen and (min-width: 768px) and (max-width: 1024px){\r\n      #foogallery-gallery-3975 { column-count: 4;}\r\n}\r\n\r\n@media screen and (max-width: 767px) {\r\n    #foogallery-gallery-3975 { column-count: 2;}\r\n}<\/style>\t\t\t\t<\/div>\n\t\t\t\t<\/div>\n\t\t\t\t\t<\/div>\n\t\t<\/div>\n\t\t\t\t\t<\/div>\n\t\t<\/section>\n\t\t\t\t<\/div>\n\t\t","protected":false},"excerpt":{"rendered":"<p>Aussi bien en formation initiale qu\u2019en formation par apprentissage, l\u2019alternance est une v\u00e9ritable chance pour se former autrement. https:\/\/mfrperigordnoir.com\/sarlat-mfr\/wp-content\/uploads\/2021\/03\/CTA-STORIE-CHOISISSEZ-LALTERNANCE.mov Les Atouts de l&rsquo;Alternance D\u00e8s l\u2019entr\u00e9e en MFR, les jeunes d\u00e9couvrent concr\u00e8tement les r\u00e9alit\u00e9s du monde professionnel et des m\u00e9tiers qui les int\u00e9ressent, pour construire activement un projet d\u2019orientation en identifiant progressivement des envies pour se&hellip;&nbsp;<a href=\"https:\/\/mfrperigordnoir.com\/sarlat-mfr\/alternance-apprentissage-comment-ca-marche\/\" rel=\"bookmark\"><span class=\"screen-reader-text\">Alternance \/ Apprentissage Comment \u00e7a marche ?<\/span><\/a><\/p>\n","protected":false},"author":1,"featured_media":0,"parent":0,"menu_order":0,"comment_status":"closed","ping_status":"closed","template":"page-templates\/template-pagebuilder-full-width.php","meta":{"neve_meta_sidebar":"","neve_meta_container":"","neve_meta_enable_content_width":"","neve_meta_content_width":0,"neve_meta_title_alignment":"","neve_meta_author_avatar":"","neve_post_elements_order":"","neve_meta_disable_header":"","neve_meta_disable_footer":"","neve_meta_disable_title":"","footnotes":""},"class_list":["post-9","page","type-page","status-publish","hentry"],"aioseo_notices":[],"_links":{"self":[{"href":"https:\/\/mfrperigordnoir.com\/sarlat-mfr\/wp-json\/wp\/v2\/pages\/9","targetHints":{"allow":["GET"]}}],"collection":[{"href":"https:\/\/mfrperigordnoir.com\/sarlat-mfr\/wp-json\/wp\/v2\/pages"}],"about":[{"href":"https:\/\/mfrperigordnoir.com\/sarlat-mfr\/wp-json\/wp\/v2\/types\/page"}],"author":[{"embeddable":true,"href":"https:\/\/mfrperigordnoir.com\/sarlat-mfr\/wp-json\/wp\/v2\/users\/1"}],"replies":[{"embeddable":true,"href":"https:\/\/mfrperigordnoir.com\/sarlat-mfr\/wp-json\/wp\/v2\/comments?post=9"}],"version-history":[{"count":193,"href":"https:\/\/mfrperigordnoir.com\/sarlat-mfr\/wp-json\/wp\/v2\/pages\/9\/revisions"}],"predecessor-version":[{"id":5114,"href":"https:\/\/mfrperigordnoir.com\/sarlat-mfr\/wp-json\/wp\/v2\/pages\/9\/revisions\/5114"}],"wp:attachment":[{"href":"https:\/\/mfrperigordnoir.com\/sarlat-mfr\/wp-json\/wp\/v2\/media?parent=9"}],"curies":[{"name":"wp","href":"https:\/\/api.w.org\/{rel}","templated":true}]}}