{"id":4378,"date":"2021-03-10T17:09:58","date_gmt":"2021-03-10T16:09:58","guid":{"rendered":"https:\/\/mfrperigordnoir.com\/sarlat-mfr\/?page_id=4378"},"modified":"2024-06-25T14:08:34","modified_gmt":"2024-06-25T13:08:34","slug":"mentions-legales","status":"publish","type":"page","link":"https:\/\/mfrperigordnoir.com\/sarlat-mfr\/mentions-legales\/","title":{"rendered":"Mentions L\u00e9gales"},"content":{"rendered":"\t\t<div data-elementor-type=\"wp-page\" data-elementor-id=\"4378\" class=\"elementor elementor-4378\">\n\t\t\t\t\t\t<section class=\"elementor-section elementor-top-section elementor-element elementor-element-ae0ecb1 elementor-section-boxed elementor-section-height-default elementor-section-height-default\" data-id=\"ae0ecb1\" data-element_type=\"section\">\n\t\t\t\t\t\t<div class=\"elementor-container elementor-column-gap-default\">\n\t\t\t\t\t<div class=\"elementor-column elementor-col-100 elementor-top-column elementor-element elementor-element-1c976d5\" data-id=\"1c976d5\" data-element_type=\"column\">\n\t\t\t<div class=\"elementor-widget-wrap elementor-element-populated\">\n\t\t\t\t\t\t<div class=\"elementor-element elementor-element-df404d4 elementor-widget elementor-widget-heading\" data-id=\"df404d4\" data-element_type=\"widget\" data-widget_type=\"heading.default\">\n\t\t\t\t\t<h2 class=\"elementor-heading-title elementor-size-default\">Mentions L\u00e9gales<\/h2>\t\t\t\t<\/div>\n\t\t\t\t<div class=\"elementor-element elementor-element-b9ed9e2 elementor-widget-divider--view-line elementor-widget elementor-widget-divider\" data-id=\"b9ed9e2\" data-element_type=\"widget\" data-widget_type=\"divider.default\">\n\t\t\t\t\t\t\t<div class=\"elementor-divider\">\n\t\t\t<span class=\"elementor-divider-separator\">\n\t\t\t\t\t\t<\/span>\n\t\t<\/div>\n\t\t\t\t\t\t<\/div>\n\t\t\t\t<div class=\"elementor-element elementor-element-df9a06c elementor-widget elementor-widget-text-editor\" data-id=\"df9a06c\" data-element_type=\"widget\" data-widget_type=\"text-editor.default\">\n\t\t\t\t\t\t\t\t\t<p>Conform\u00e9ment aux dispositions des Articles 6-III et 19 de la Loi n\u00b02004-575 du 21 juin 2004 pour la Confiance dans l&rsquo;\u00e9conomie num\u00e9rique, dite L.C.E.N., il est port\u00e9 \u00e0 la connaissance des utilisateurs et visiteurs du site mfrperigordnoir.com les pr\u00e9sentes mentions l\u00e9gales.<\/p><p>L&rsquo;acc\u00e8s et l&rsquo;utilisation du site mfrperigordnoir.com sont soumis aux pr\u00e9sentes mentions l\u00e9gales, d\u00e9taill\u00e9es ci-apr\u00e8s, ainsi qu&rsquo;aux lois et\/ou r\u00e8glements applicables.<\/p><p>La connexion, l&rsquo;utilisation et l&rsquo;acc\u00e8s \u00e0 ce site impliquent l&rsquo;acceptation int\u00e9grale et sans r\u00e9serve de l&rsquo;internaute de toutes les dispositions des pr\u00e9sentes Mentions L\u00e9gales.<\/p><p><strong>\u00c9diteur du site<\/strong><\/p><p>Maison Familiale Rurale du P\u00e9rigord Noir &#8211; 24590 SALIGNAC-EYVIGUES<\/p><p>T\u00e9l\u00e9phone : 06 71 26 30 61<\/p><p>Adresse e-mail : mfr.salignac@mfr.asso.fr<\/p><p><strong>Directeur de publication et Responsable du traitement des donn\u00e9es<\/strong><\/p><p>Jean-Luc Roulland &#8211; mfr.salignac@mfr.asso.fr<\/p><p><strong>H\u00e9bergeur du site<\/strong><\/p><p>1&amp;1 Internet SARL FRANCE &#8211; 7, place de la Gare &#8211; 57200 SARREGUEMINES<\/p><p>T\u00e9l\u00e9phone : 0970 808 911<\/p><p>Les donn\u00e9es collect\u00e9es et trait\u00e9es par le site sont exclusivement h\u00e9berg\u00e9es et trait\u00e9es en France.<\/p><p><strong>Utilisateurs<\/strong><\/p><p>Sont consid\u00e9r\u00e9s comme utilisateurs tous les internautes qui naviguent, lisent, visionnent et utilisent le site mfrperigordnoir.com<\/p><p><strong>DONN\u00c9ES COLLECT\u00c9ES ET TRAITEMENT<\/strong><\/p><p>Conform\u00e9ment aux dispositions de l&rsquo;article 5 du R\u00e8glement europ\u00e9en 2016\/679, la collecte et le traitement des donn\u00e9es des utilisateurs du site respectent les principes suivants :<\/p><ul><li>licit\u00e9, loyaut\u00e9 et transparence : les donn\u00e9es ne peuvent \u00eatre collect\u00e9es et trait\u00e9es qu&rsquo;avec le consentement de l&rsquo;utilisateur propri\u00e9taire des donn\u00e9es. \u00c0 chaque fois que des donn\u00e9es \u00e0 caract\u00e8re personnel seront collect\u00e9es, il sera indiqu\u00e9 \u00e0 l&rsquo;utilisateur que ses donn\u00e9es sont collect\u00e9es, et pour quelles raisons ses donn\u00e9es sont collect\u00e9es ;<\/li><li>finalit\u00e9s limit\u00e9es : la collecte et le traitement des donn\u00e9es sont ex\u00e9cut\u00e9s pour r\u00e9pondre \u00e0 un ou plusieurs objectifs d\u00e9termin\u00e9s dans les pr\u00e9sentes mentions l\u00e9gales ;<\/li><li>minimisation de la collecte et du traitement des donn\u00e9es : seules les donn\u00e9es n\u00e9cessaires \u00e0 la bonne ex\u00e9cution des objectifs poursuivis par le site sont collect\u00e9es ;<\/li><li>conservation des donn\u00e9es r\u00e9duites dans le temps : les donn\u00e9es sont conserv\u00e9es pour une dur\u00e9e limit\u00e9e, dont l&rsquo;utilisateur est inform\u00e9. Si la dur\u00e9e de conservation ne peut \u00eatre communiqu\u00e9e \u00e0 l&rsquo;utilisateur ;<\/li><li>int\u00e9grit\u00e9 et confidentialit\u00e9 des donn\u00e9es collect\u00e9es et trait\u00e9es : le responsable du traitement des donn\u00e9es s&rsquo;engage \u00e0 garantir l&rsquo;int\u00e9grit\u00e9 et la confidentialit\u00e9 des donn\u00e9es collect\u00e9es.<\/li><\/ul><p>Afin d&rsquo;\u00eatre licite, et ce conform\u00e9ment aux exigences de l&rsquo;article 6 du r\u00e8glement europ\u00e9en 2016\/679, la collecte et le traitement des donn\u00e9es \u00e0 caract\u00e8re personnel ne pourront intervenir que s&rsquo;ils respectent au moins l&rsquo;une des conditions ci-apr\u00e8s \u00e9num\u00e9r\u00e9es :<\/p><ul><li>l&rsquo;utilisateur a consenti au traitement de ses donn\u00e9es \u00e0 caract\u00e8re personnel pour une ou plusieurs finalit\u00e9s sp\u00e9cifiques ;<\/li><li>le traitement est n\u00e9cessaire \u00e0 l&rsquo;ex\u00e9cution d&rsquo;un contrat auquel la personne concern\u00e9e est partie ou \u00e0 l&rsquo;ex\u00e9cution de mesures pr\u00e9contractuelles prises \u00e0 la demande de celle-ci ;<\/li><li>le traitement r\u00e9pond \u00e0 une obligation l\u00e9gale \u00e0 laquelle le responsable du traitement est soumis\u202f;<br \/>le traitement est n\u00e9cessaire \u00e0 la sauvegarde des int\u00e9r\u00eats vitaux de la personne concern\u00e9e ou d&rsquo;une autre personne physique ;<\/li><li>le traitement est n\u00e9cessaire \u00e0 l&rsquo;ex\u00e9cution d&rsquo;une mission d&rsquo;int\u00e9r\u00eat public ou relevant de l&rsquo;exercice de l&rsquo;autorit\u00e9 publique dont est investi le responsable du traitement ;<\/li><li>le traitement est n\u00e9cessaire aux fins des int\u00e9r\u00eats l\u00e9gitimes poursuivis par le responsable du traitement ou par un tiers, \u00e0 moins que ne pr\u00e9valent les int\u00e9r\u00eats ou les libert\u00e9s et droits fondamentaux de la personne concern\u00e9e qui exigent une protection des donn\u00e9es \u00e0 caract\u00e8re personnel, notamment lorsque la personne concern\u00e9e est un enfant.<\/li><\/ul><p>Les donn\u00e9es \u00e0 caract\u00e8re personnel collect\u00e9es sur le site mfrperigordnoir.com sont les suivantes :<\/p><ul><li>nom<\/li><li>adresse e-mail<\/li><\/ul><p>Ces donn\u00e9es sont collect\u00e9es lorsque l&rsquo;utilisateur utilise le formulaire de contact du site.<\/p><p>Le responsable du traitement conservera dans ses syst\u00e8mes informatiques du site et dans des conditions raisonnables de s\u00e9curit\u00e9 l&rsquo;ensemble des donn\u00e9es collect\u00e9es pour une dur\u00e9e de : 1 an.<\/p><p>La collecte et le traitement des donn\u00e9es servent \u00e0 la prise de contact ult\u00e9rieure pour la relation commerciale et la facturation.<\/p><p><strong>DONN\u00c9ES PERSONNELLES DES PERSONNES MINEURES<\/strong><\/p><p>Conform\u00e9ment aux dispositions de l&rsquo;article 8 du r\u00e8glement europ\u00e9en 2016\/679 et \u00e0 la loi Informatique et Libert\u00e9s, seuls les mineurs \u00e2g\u00e9s de 15 ans ou plus peuvent consentir au traitement de leurs donn\u00e9es personnelles.<\/p><p>Si l&rsquo;utilisateur est un mineur de moins de 15 ans, l&rsquo;accord d&rsquo;un repr\u00e9sentant l\u00e9gal sera requis afin que des donn\u00e9es \u00e0 caract\u00e8re personnel puissent \u00eatre collect\u00e9es et trait\u00e9es.<\/p><p><strong>DROITS DE L&rsquo;UTILISATEUR ET PROC\u00c9DURES DE MISE EN \u0152UVRE DES DROITS DE L&rsquo;UTILISATEUR<\/strong><\/p><p><strong>Droit d&rsquo;acc\u00e8s, de rectification et droit \u00e0 l&rsquo;oubli<\/strong><\/p><p>L&rsquo;utilisateur peut prendre connaissance, mettre \u00e0 jour, modifier ou demander la suppression des donn\u00e9es le concernant en en faisant la demande par e-mail \u00e0 l&rsquo;adresse mfr.salignac@mfr.asso.fr<\/p><p><strong>Droit \u00e0 la portabilit\u00e9 des donn\u00e9es<\/strong><\/p><p>L&rsquo;utilisateur a le droit de demander la portabilit\u00e9 de ses donn\u00e9es personnelles, d\u00e9tenues par le site, vers un autre site, en se conformant \u00e0 la proc\u00e9dure ci-apr\u00e8s :<\/p><p>L&rsquo;utilisateur doit en faire la demande par e-mail \u00e0 l&rsquo;adresse mfr.salignac@mfr.asso.fr<\/p><p><strong>Droit \u00e0 la limitation et \u00e0 l&rsquo;opposition du traitement des donn\u00e9es<\/strong><\/p><p>L&rsquo;utilisateur a le droit de demander la limitation ou de s&rsquo;opposer au traitement de ses donn\u00e9es par le site, sans que le site ne puisse refuser, sauf \u00e0 d\u00e9montrer l&rsquo;existence de motifs l\u00e9gitimes et imp\u00e9rieux, pouvant pr\u00e9valoir sur les int\u00e9r\u00eats et les droits et libert\u00e9s de l&rsquo;utilisateur.<\/p><p><strong>Droit de d\u00e9terminer le sort des donn\u00e9es apr\u00e8s la mort<\/strong><\/p><p>Conform\u00e9ment \u00e0 la loi n\u00b02016-1321 du 7 octobre 2016 l&rsquo;utilisateur peut organiser le devenir de ses donn\u00e9es collect\u00e9es et trait\u00e9es s&rsquo;il d\u00e9c\u00e8de.<\/p><p><strong>Droit de saisie de l&rsquo;autorit\u00e9 de contr\u00f4le comp\u00e9tente<\/strong><\/p><p>Dans le cas o\u00f9 le responsable du traitement des donn\u00e9es d\u00e9cide de ne pas r\u00e9pondre \u00e0 la demande de l&rsquo;utilisateur et que l&rsquo;utilisateur souhaite contester cette d\u00e9cision, il est en droit de saisir la CNIL (Commission Nationale de l&rsquo;Informatique et des Libert\u00e9s, https:\/\/www.cnil.fr) ou tout juge comp\u00e9tent.<\/p><p><strong>D\u00e9tail et d\u00e9lai de r\u00e9ponse<\/strong><\/p><p>Afin que le responsable du traitement des donn\u00e9es fasse droit \u00e0 sa demande, l&rsquo;utilisateur est tenu de lui communiquer : ses pr\u00e9nom et nom ainsi que son adresse e-mail. Le responsable du traitement des donn\u00e9es est tenu de r\u00e9pondre \u00e0 l&rsquo;utilisateur dans un d\u00e9lai de 30 (trente) jours maximum.<\/p><p><strong>OBLIGATIONS DU RESPONSABLE DU TRAITEMENT DES DONN\u00c9ES<\/strong><\/p><p>Le responsable du traitement s&rsquo;engage \u00e0 prot\u00e9ger les donn\u00e9es \u00e0 caract\u00e8re personnel collect\u00e9es, \u00e0 ne pas les transmettre \u00e0 des tiers sans que l&rsquo;utilisateur n&rsquo;en ait \u00e9t\u00e9 inform\u00e9 et \u00e0 respecter les finalit\u00e9s pour lesquelles ces donn\u00e9es ont \u00e9t\u00e9 collect\u00e9es.<\/p><p>Le site dispose d&rsquo;un certificat SSL afin de garantir que les informations et le transfert des donn\u00e9es transitant par le site sont s\u00e9curis\u00e9s.<\/p><p>De plus, le responsable du traitement des donn\u00e9es s&rsquo;engage \u00e0 notifier l&rsquo;utilisateur en cas de rectification ou de suppression des donn\u00e9es, \u00e0 moins que cela n&rsquo;entra\u00eene pour lui des formalit\u00e9s, co\u00fbts et d\u00e9marches disproportionn\u00e9s.<\/p><p>Dans le cas o\u00f9 l&rsquo;int\u00e9grit\u00e9, la confidentialit\u00e9 ou la s\u00e9curit\u00e9 des donn\u00e9es \u00e0 caract\u00e8re personnel de l&rsquo;Utilisateur est compromise, le responsable du traitement s&rsquo;engage \u00e0 informer l&rsquo;utilisateur par tout moyen.<\/p><p><strong>COOKIES<\/strong><\/p><p>Le site a recours \u00e0 des \u00ab\u00a0cookies\u00a0\u00bb qui permettent au site de fonctionner de mani\u00e8re optimale. Vous pouvez vous y opposer et les supprimer en utilisant les param\u00e8tres de votre navigateur, cependant votre exp\u00e9rience utilisateur risque d\u2019\u00eatre d\u00e9grad\u00e9e. Pour l&rsquo;utilisation de fichiers \u00ab\u00a0cookies\u00a0\u00bb impliquant la sauvegarde et l&rsquo;analyse de donn\u00e9es \u00e0 caract\u00e8re personnel, le consentement de l&rsquo;utilisateur est n\u00e9cessairement demand\u00e9.<\/p><p>Ce consentement de l&rsquo;utilisateur est consid\u00e9r\u00e9 comme valide pour une dur\u00e9e de 13 (treize) mois maximum.<\/p><p><strong>Opposition de l&rsquo;utilisateur \u00e0 l&rsquo;utilisation de fichiers \u00ab\u00a0cookies\u00a0\u00bb par le site<\/strong><\/p><p>Il est port\u00e9 \u00e0 la connaissance de l&rsquo;utilisateur qu&rsquo;il peut s&rsquo;opposer \u00e0 l&rsquo;enregistrement de ces \u00ab\u00a0cookies\u00a0\u00bb en configurant son logiciel de navigation.<\/p><p>Dans le cas o\u00f9 l&rsquo;utilisateur d\u00e9cide de d\u00e9sactiver les fichiers \u00ab\u00a0cookies\u00a0\u00bb, il pourra poursuivre sa navigation sur le site. Toutefois, tout dysfonctionnement du site provoqu\u00e9 par cette manipulation ne pourrait \u00eatre consid\u00e9r\u00e9 comme \u00e9tant du fait de l&rsquo;\u00e9diteur du site.<\/p><p><strong>Description des fichiers \u00ab\u00a0cookies\u00a0\u00bb utilis\u00e9s par le site<\/strong><\/p><p>L&rsquo;\u00e9diteur du site attire l&rsquo;attention de l&rsquo;Utilisateur sur le fait que les cookies suivants peuvent \u00eatre utilis\u00e9s lors de sa navigation :<\/p><p>wordpress : Cookie WordPress pour utilisateur enregistr\u00e9 &#8211; dur\u00e9e : session<br \/>wordpress_logged_in : Cookie WordPress pour utilisateur logg\u00e9 &#8211; dur\u00e9e : session<br \/>wordpress_test_ 2 : Cookie WordPress pour utilisateur logg\u00e9 &#8211; dur\u00e9e : session<br \/>wordpress_test_cookie : Cookie WordPress pour test &#8211; dur\u00e9e : session<br \/>wp-settings-[UID] Cookies WordPress de r\u00e9glage. Le nombre \u00e0 la fin est l\u2019identifiant de l\u2019utilisateur dans la base de donn\u00e9es. Utilis\u00e9 pour customiser l\u2019interface d\u2019administration et parfois l\u2019aspect du site &#8211; dur\u00e9e : 1 an<br \/>wp-settings-time-[UID] Cookies WordPress de timer de r\u00e9glage. Le nombre \u00e0 la fin est l\u2019identifiant de l\u2019utilisateur dans la base de donn\u00e9es. Utilis\u00e9 pour customiser l\u2019interface d\u2019administration et parfois l\u2019aspect du site &#8211; dur\u00e9e : 1 an<br \/>PHPSESSID : Pour identifier une session unique &#8211; dur\u00e9e : session<br \/>SESS : Pour s\u2019assurer que les informations saisies soient reconnues et suivent quand le visiteur passe d\u2019une page \u00e0 l\u2019autre &#8211; dur\u00e9e : session<\/p><p><strong>LOI APPLICABLE ET JURIDICTION<\/strong><\/p><p>Les pr\u00e9sentes Mentions L\u00e9gales sont r\u00e9gies par la loi fran\u00e7aise. En cas de diff\u00e9rend et \u00e0 d\u00e9faut d&rsquo;accord amiable, le litige sera port\u00e9 devant les tribunaux fran\u00e7ais conform\u00e9ment aux r\u00e8gles de comp\u00e9tence en vigueur.<\/p><p><strong>CONTACT<\/strong><\/p><p>Pour tout signalement de contenus ou d&rsquo;activit\u00e9s illicites, l&rsquo;utilisateur peut contacter l&rsquo;\u00e9diteur \u00e0 l&rsquo;adresse suivante : mfr.salignac@mfr.asso.fr, ou par courrier recommand\u00e9 avec accus\u00e9 de r\u00e9ception adress\u00e9 \u00e0 l&rsquo;\u00e9diteur aux coordonn\u00e9es pr\u00e9cis\u00e9es dans les pr\u00e9sentes mentions l\u00e9gales.<\/p><p><strong>SOURCE<\/strong><\/p><p>CNIL 2018 \u2013 http:\/\/www.cnil.fr<\/p>\t\t\t\t\t\t\t\t<\/div>\n\t\t\t\t\t<\/div>\n\t\t<\/div>\n\t\t\t\t\t<\/div>\n\t\t<\/section>\n\t\t\t\t<\/div>\n\t\t","protected":false},"excerpt":{"rendered":"<p>Mentions L\u00e9gales Conform\u00e9ment aux dispositions des Articles 6-III et 19 de la Loi n\u00b02004-575 du 21 juin 2004 pour la Confiance dans l&rsquo;\u00e9conomie num\u00e9rique, dite L.C.E.N., il est port\u00e9 \u00e0 la connaissance des utilisateurs et visiteurs du site mfrperigordnoir.com les pr\u00e9sentes mentions l\u00e9gales. L&rsquo;acc\u00e8s et l&rsquo;utilisation du site mfrperigordnoir.com sont soumis aux pr\u00e9sentes mentions l\u00e9gales,&hellip;&nbsp;<a href=\"https:\/\/mfrperigordnoir.com\/sarlat-mfr\/mentions-legales\/\" rel=\"bookmark\"><span class=\"screen-reader-text\">Mentions L\u00e9gales<\/span><\/a><\/p>\n","protected":false},"author":1,"featured_media":0,"parent":0,"menu_order":0,"comment_status":"closed","ping_status":"closed","template":"page-templates\/template-pagebuilder-full-width.php","meta":{"neve_meta_sidebar":"full-width","neve_meta_container":"","neve_meta_enable_content_width":"on","neve_meta_content_width":100,"neve_meta_title_alignment":"","neve_meta_author_avatar":"","neve_post_elements_order":"","neve_meta_disable_header":"","neve_meta_disable_footer":"","neve_meta_disable_title":"","footnotes":""},"class_list":["post-4378","page","type-page","status-publish","hentry"],"aioseo_notices":[],"_links":{"self":[{"href":"https:\/\/mfrperigordnoir.com\/sarlat-mfr\/wp-json\/wp\/v2\/pages\/4378","targetHints":{"allow":["GET"]}}],"collection":[{"href":"https:\/\/mfrperigordnoir.com\/sarlat-mfr\/wp-json\/wp\/v2\/pages"}],"about":[{"href":"https:\/\/mfrperigordnoir.com\/sarlat-mfr\/wp-json\/wp\/v2\/types\/page"}],"author":[{"embeddable":true,"href":"https:\/\/mfrperigordnoir.com\/sarlat-mfr\/wp-json\/wp\/v2\/users\/1"}],"replies":[{"embeddable":true,"href":"https:\/\/mfrperigordnoir.com\/sarlat-mfr\/wp-json\/wp\/v2\/comments?post=4378"}],"version-history":[{"count":19,"href":"https:\/\/mfrperigordnoir.com\/sarlat-mfr\/wp-json\/wp\/v2\/pages\/4378\/revisions"}],"predecessor-version":[{"id":5918,"href":"https:\/\/mfrperigordnoir.com\/sarlat-mfr\/wp-json\/wp\/v2\/pages\/4378\/revisions\/5918"}],"wp:attachment":[{"href":"https:\/\/mfrperigordnoir.com\/sarlat-mfr\/wp-json\/wp\/v2\/media?parent=4378"}],"curies":[{"name":"wp","href":"https:\/\/api.w.org\/{rel}","templated":true}]}}